{"id":39,"date":"2011-06-08T11:15:54","date_gmt":"2011-06-08T11:15:54","guid":{"rendered":"https:\/\/ricsa.mx\/index.php\/widgetkit\/"},"modified":"2021-07-04T22:50:40","modified_gmt":"2021-07-05T04:50:40","slug":"paquetes","status":"publish","type":"page","link":"https:\/\/ricsa.mx\/?page_id=39","title":{"rendered":"Paquetes"},"content":{"rendered":"<div class=\"uk-margin-large-bottom uk-text-center\">\r\n    <h2 class=\"uk-h1 uk-margin-bottom-remove\">Paquetes de Importaci\u00f3n<\/h2>\r\n    <p class=\"uk-text-large uk-margin-small-top dashide\">subtitle<\/p>\r\n<\/div>\r\n\r\n<hr class=\"uk-article-divider uk-margin-large\">\r\n\r\n\n\n<div id=\"wk-gridde1\" class=\"uk-grid-width-1-1 uk-grid-width-small-1-2 uk-grid-width-medium-1-3 uk-grid-width-large-1-3 uk-grid-width-xlarge-1-3 uk-grid uk-grid-match uk-text-center dasLeft\" data-uk-grid-match=\"{target:'> div > .uk-panel', row:true}\" data-uk-grid-margin  data-uk-scrollspy=\"{cls:'uk-animation-scale-up uk-invisible', target:'> div > .uk-panel', delay:300}\">\n\n\n    <div>\n        <div class=\"uk-panel uk-panel-box uk-invisible\">\n\n            \n            \n                        <div class=\"uk-text-center uk-margin uk-margin-top-remove\"><img src=\"\/wp-content\/uploads\/paquete_1.svg\" class=\" uk-overlay-scale\" alt=\"Paquete No. 1 Traslado con Revisi\u00f3n Ocular\" width=\"80\" height=\"80\"><\/div>\n            \n            \n                        <h3 class=\"uk-h4 uk-margin-top-remove\">\n\n                                    Paquete No. 1 Traslado con Revisi\u00f3n Ocular                \n                \n            <\/h3>\n            \n            \n            \n                        <div class=\"uk-margin\"><ul>\n<li>Traslado de contenedor de cualquier terminal dentro del Recinto Portuario a RICSA<\/li>\n<li>Descarga de contenedor<\/li>\n<li>Revisi&oacute;n ocular en &aacute;rea de previos.<\/li>\n<li>Reacomodo en &aacute;rea de llenos<\/li>\n<li>07 D&iacute;as libres de almacenaje<\/li>\n<li>Carga del contenedor a S.P.F.<\/li>\n<\/ul>\n<h2 class=\"naranja\">\n<strong>$4,484.00<\/strong>\n<\/h2><\/div>\n            \n            \n            \n            \n        <\/div>\n    <\/div>\n\n\n    <div>\n        <div class=\"uk-panel uk-panel-box uk-invisible\">\n\n            \n            \n                        <div class=\"uk-text-center uk-margin uk-margin-top-remove\"><img src=\"\/wp-content\/uploads\/paquete_2_y_3.svg\" class=\" uk-overlay-scale\" alt=\"Paquete No. 2 Traslado y Vaciado \/ Llenado\" width=\"80\" height=\"80\"><\/div>\n            \n            \n                        <h3 class=\"uk-h4 uk-margin-top-remove\">\n\n                                    Paquete No. 2 Traslado y Vaciado \/ Llenado                \n                \n            <\/h3>\n            \n            \n            \n                        <div class=\"uk-margin\"><ul>\n<li>Traslado de contenedor de cualquier terminal dentro del Recinto Portuario a RICSA<\/li>\n<li>Descarga de contenedor<\/li>\n<li>Vaciado \/ Llenado de contenedor<\/li>\n<li>Reacomodo en \u00e1rea de llenos<\/li>\n<li>07 D\u00edas libres de almacenaje<\/li>\n<li>Carga del contenedor a S.P.F.<\/li>\n<\/ul>\n<h2 class=\"naranja\">\n<strong>PALETIZADO:<BR>\n$5,077.00<\/strong>\n    <BR><BR>\n<strong>NO PALETIZADO:<BR>\n$6,821.00<\/strong>\n<\/h2><\/div>\n            \n            \n            \n            \n        <\/div>\n    <\/div>\n\n\n    <div>\n        <div class=\"uk-panel uk-panel-box uk-invisible\">\n\n            \n            \n                        <div class=\"uk-text-center uk-margin uk-margin-top-remove\"><img src=\"\/wp-content\/uploads\/paquete_2_y_3-1.svg\" class=\" uk-overlay-scale\" alt=\"Paquete No. 3 Traslado \/ Sin Revisi\u00f3n\" width=\"80\" height=\"80\"><\/div>\n            \n            \n                        <h3 class=\"uk-h4 uk-margin-top-remove\">\n\n                                    Paquete No. 3 Traslado \/ Sin Revisi\u00f3n                \n                \n            <\/h3>\n            \n            \n            \n                        <div class=\"uk-margin\"><ul>\n<li>Traslado de contenedor de cualquier terminal dentro del Recinto Portuario a RICSA<\/li>\n<li>Descarga de contenedor<\/li>\n<li>Acomodo de contenedor en \u00e1rea de llenos<\/li>\n<li>07 D\u00edas libres de almacenaje<\/li>\n<li>Carga del contenedor a S.P.F.<\/li>\n<\/ul>\n<h2 class=\"naranja\">\n<strong>$5,345.00<\/strong>\n<\/h2><\/div>\n            \n            \n            \n            \n        <\/div>\n    <\/div>\n\n\n    <div>\n        <div class=\"uk-panel uk-panel-box uk-invisible\">\n\n            \n            \n                        <div class=\"uk-text-center uk-margin uk-margin-top-remove\"><img src=\"\/wp-content\/uploads\/paquete_4.svg\" class=\" uk-overlay-scale\" alt=\"Paquete No. 4 Traslado y Desconsolidaci\u00f3n Directa a S.P.F.\" width=\"80\" height=\"80\"><\/div>\n            \n            \n                        <h3 class=\"uk-h4 uk-margin-top-remove\">\n\n                                    Paquete No. 4 Traslado y Desconsolidaci\u00f3n Directa a S.P.F.                \n                \n            <\/h3>\n            \n            \n            \n                        <div class=\"uk-margin\"><ul>\n<li>Traslado de contenedor de cualquier terminal dentro del Recinto Portuario a RICSA<\/li>\n<li>Descarga de contenedor<\/li>\n<li>Maniobra de vaciado de contenedor.<\/li>\n<li>07 D\u00edas libres de almacenaje<\/li>\n<li>Carga del contenedor vac\u00edo a unidad de transporte<\/li>\n<\/ul>\n<h2 class=\"naranja\">\n<strong>$8,897<\/strong>\n<\/h2><\/div>\n            \n            \n            \n            \n        <\/div>\n    <\/div>\n\n\n    <div>\n        <div class=\"uk-panel uk-panel-box uk-invisible\">\n\n            \n            \n                        <div class=\"uk-text-center uk-margin uk-margin-top-remove\"><img src=\"\/wp-content\/uploads\/paquete_5.svg\" class=\" uk-overlay-scale\" alt=\"Paquete No. 5 Traslado y Desconsolidaci\u00f3n a Almac\u00e9n\" width=\"80\" height=\"80\"><\/div>\n            \n            \n                        <h3 class=\"uk-h4 uk-margin-top-remove\">\n\n                                    Paquete No. 5 Traslado y Desconsolidaci\u00f3n a Almac\u00e9n                \n                \n            <\/h3>\n            \n            \n            \n                        <div class=\"uk-margin\"><ul>\n<li>Traslado de contenedor de cualquier terminal dentro del Recinto Portuario a RICSA<\/li>\n<li>Descarga de contenedor<\/li>\n<li>Maniobra de desconsolidaci\u00f3n a almac\u00e9n<\/li>\n<li>07 D\u00edas libres de almacenaje<\/li>\n<li>Carga del contenedor vac\u00edo a unidad de tansporte<\/li>\n<\/ul>\n<h2 class=\"naranja\">\n<strong>PALETIZADO:<BR>\n$5,662.00<\/strong>\n    <BR><BR>\n<strong>NO PALETIZADO:<BR>\n$6,470.00<\/strong>\n<\/h2><\/div>\n            \n            \n            \n            \n        <\/div>\n    <\/div>\n\n\n    <div>\n        <div class=\"uk-panel uk-panel-box uk-invisible\">\n\n            \n            \n                        <div class=\"uk-text-center uk-margin uk-margin-top-remove\"><img src=\"\/wp-content\/uploads\/paquete_6.svg\" class=\" uk-overlay-scale\" alt=\"Paquete No. 6 Traslado con Revisi\u00f3n SENASICA\" width=\"80\" height=\"80\"><\/div>\n            \n            \n                        <h3 class=\"uk-h4 uk-margin-top-remove\">\n\n                                    Paquete No. 6 Traslado con Revisi\u00f3n SENASICA                \n                \n            <\/h3>\n            \n            \n            \n                        <div class=\"uk-margin\"><ul>\n<li>Traslado de contenedor de cualquier terminal dentro del Recinto Portuario a RICSA<\/li>\n<li>Descarga de contenedor<\/li>\n<li>Maniobra de vaciado <\/li>\n<li>Revisi\u00f3n con SENASICA<\/li>\n<li>Llenado del contenedor<\/li>\n<li>Movimiento del contenedor para fumigaci\u00f3n<\/li>\n<li>Maniobra de ventilaci\u00f3n<\/li>\n<li>07 D\u00edas libres de almacenaje<\/li>\n<li>Carga del contenedor a S.P.F.<\/li>\n<\/ul>\n<h2 class=\"naranja\">\n<strong>$9,767<\/strong>\n<\/h2><\/div>\n            \n            \n            \n            \n        <\/div>\n    <\/div>\n\n\n<\/div>\n\n<script>\n(function($){\n\n    \/\/ get the images of the gallery and replace it by a canvas of the same size to fix the problem with overlapping images on load.\n    $('img[width][height]:not(.uk-overlay-panel)', $('#wk-gridde1')).each(function() {\n\n        var $img = $(this);\n\n        if (this.width == 'auto' || this.height == 'auto' || !$img.is(':visible')) {\n            return;\n        }\n\n        var $canvas = $('<canvas class=\"uk-responsive-width\"><\/canvas>').attr({width:$img.attr('width'), height:$img.attr('height')}),\n            img = new Image,\n            release = function() {\n                $canvas.remove();\n                $img.css('display', '');\n                release = function(){};\n            };\n\n        $img.css('display', 'none').after($canvas);\n\n        $(img).on('load', function(){ release(); });\n        setTimeout(function(){ release(); }, 1000);\n\n        img.src = this.src;\n\n    });\n\n})(jQuery);\n<\/script>\n\r\n<br \/><br \/>\r\n<div class=\"uk-margin-large-bottom uk-text-center\">\r\n    <h2 class=\"uk-h1 uk-margin-bottom-remove\">Paquetes de Exportaci\u00f3n<\/h2>\r\n    <p class=\"uk-text-large uk-margin-small-top dashide\">subtitle<\/p>\r\n<\/div>\r\n\n\n<div id=\"wk-grid11c\" class=\"uk-grid-width-1-1 uk-grid-width-small-1-2 uk-grid-width-medium-1-2 uk-grid-width-large-1-2 uk-grid-width-xlarge-1-2 uk-grid uk-grid-match uk-text-center dasLeft\" data-uk-grid-match=\"{target:'> div > .uk-panel', row:true}\" data-uk-grid-margin  data-uk-scrollspy=\"{cls:'uk-animation-scale-up uk-invisible', target:'> div > .uk-panel', delay:300}\">\n\n\n    <div>\n        <div class=\"uk-panel uk-panel-box uk-invisible\">\n\n            \n            \n                        <div class=\"uk-text-center uk-margin uk-margin-top-remove\"><img src=\"\/wp-content\/uploads\/paquete_exp_1_y_2-01.svg\" class=\" uk-overlay-scale\" alt=\"Paquete No. 1 Consolidaci\u00f3n Paletizado\" width=\"80\" height=\"80\"><\/div>\n            \n            \n                        <h3 class=\"uk-h4 uk-margin-top-remove\">\n\n                                    Paquete No. 1 Consolidaci\u00f3n Paletizado                \n                \n            <\/h3>\n            \n            \n            \n                        <div class=\"uk-margin\"><ul>\n<li>Recepci\u00f3n del contenedor vac\u00edo para consolidar<\/li>\n<li>Posicionamiento del contenedor en \u00e1rea de consolidaci\u00f3n<\/li>\n<li>Maniobra de consolidaci\u00f3n<\/li>\n<li>Reacomodo del contenedor<\/li>\n<li>Traslado del contenedor consolidado a terminal de despacho.<\/li>\n<\/ul>\n<h2 class=\"naranja\">\n<strong>$5,662.00<\/strong>\n<\/h2><\/div>\n            \n            \n            \n            \n        <\/div>\n    <\/div>\n\n\n    <div>\n        <div class=\"uk-panel uk-panel-box uk-invisible\">\n\n            \n            \n                        <div class=\"uk-text-center uk-margin uk-margin-top-remove\"><img src=\"\/wp-content\/uploads\/paquete_exp_1_y_2-01-1.svg\" class=\" uk-overlay-scale\" alt=\"Paquete No. 2 Consolidaci\u00f3n No Paletizado\" width=\"80\" height=\"80\"><\/div>\n            \n            \n                        <h3 class=\"uk-h4 uk-margin-top-remove\">\n\n                                    Paquete No. 2 Consolidaci\u00f3n No Paletizado                \n                \n            <\/h3>\n            \n            \n            \n                        <div class=\"uk-margin\"><ul>\n<li>Recepci\u00f3n del contenedor vac\u00edo para consolidar<\/li>\n<li>Posicionamiento del contenedor en \u00e1rea de consolidaci\u00f3n<\/li>\n<li>Maniobra de consolidaci\u00f3n<\/li>\n<li>Reacomodo del contenedor<\/li>\n<li>Traslado del contenedor consolidado a terminal de despacho.<\/li>\n<\/ul>\n<h2 class=\"naranja\">\n<strong>$6,470.00<\/strong>\n<\/h2><\/div>\n            \n            \n            \n            \n        <\/div>\n    <\/div>\n\n\n<\/div>\n\n<script>\n(function($){\n\n    \/\/ get the images of the gallery and replace it by a canvas of the same size to fix the problem with overlapping images on load.\n    $('img[width][height]:not(.uk-overlay-panel)', $('#wk-grid11c')).each(function() {\n\n        var $img = $(this);\n\n        if (this.width == 'auto' || this.height == 'auto' || !$img.is(':visible')) {\n            return;\n        }\n\n        var $canvas = $('<canvas class=\"uk-responsive-width\"><\/canvas>').attr({width:$img.attr('width'), height:$img.attr('height')}),\n            img = new Image,\n            release = function() {\n                $canvas.remove();\n                $img.css('display', '');\n                release = function(){};\n            };\n\n        $img.css('display', 'none').after($canvas);\n\n        $(img).on('load', function(){ release(); });\n        setTimeout(function(){ release(); }, 1000);\n\n        img.src = this.src;\n\n    });\n\n})(jQuery);\n<\/script>\n\r\n\r\n<hr class=\"uk-article-divider uk-margin-large\">\r\n\r\n<div class=\"uk-margin-large-bottom uk-text-center\">\r\n    <h2 class=\"uk-h1 uk-margin-bottom-remove\">Servicios Diversos<\/h2>\r\n    <p class=\"uk-text-large uk-margin-small-top dashide\">subtitle<\/p>\r\n<\/div>\r\n\r\n\n\n<div id=\"wk-grid516\" class=\"uk-grid-width-1-1 uk-grid-width-medium-1-2 uk-grid uk-grid-match uk-text-center dasLeft\" data-uk-grid-match=\"{target:'> div > .uk-panel', row:true}\" data-uk-grid-margin  data-uk-scrollspy=\"{cls:'uk-animation-scale-up uk-invisible', target:'> div > .uk-panel', delay:300}\">\n\n\n    <div>\n        <div class=\"uk-panel uk-panel-box uk-invisible\">\n\n            \n            \n            \n            \n                        <h3 class=\"uk-h4 uk-margin-top-remove\">\n\n                                    Control electr\u00f3nico y documental de la informaci\u00f3n                \n                \n            <\/h3>\n            \n            \n            \n                        <div class=\"uk-margin\"><table class=\"uk-table uk-table-striped uk-table-condensed uk-table-hover\">\n<tbody>\n<tr class=\"naranja\">\n<td>Aplicable en carga suelta y contenerizada.<\/td>\n<td><strong>$731.90<\/strong> <\/td>\n<\/tr>\n<\/tbody>\n<\/table><\/div>\n            \n            \n            \n            \n        <\/div>\n    <\/div>\n\n\n    <div>\n        <div class=\"uk-panel uk-panel-box uk-invisible\">\n\n            \n            \n            \n            \n                        <h3 class=\"uk-h4 uk-margin-top-remove\">\n\n                                    Revisi\u00f3n en almac\u00e9n                \n                \n            <\/h3>\n            \n            \n            \n                        <div class=\"uk-margin\"><table class=\"uk-table uk-table-striped uk-table-condensed uk-table-hover\">\n<tbody>\n<tr class=\"naranja\">\n<td>Carga suelta cobro m\u00ednimo (Menor a 10 Toneladas)<\/td>\n<td><strong>$1,111.23<\/strong><\/td>\n<\/tr>\n<tr class=\"naranja\">\n<td>Carga suelta por tonelada o fracci\u00f3n<\/td>\n<td><strong>$302.21<\/strong><\/td>\n<\/tr>\n<\/tbody>\n<\/table><\/div>\n            \n            \n            \n            \n        <\/div>\n    <\/div>\n\n\n    <div>\n        <div class=\"uk-panel uk-panel-box uk-invisible\">\n\n            \n            \n            \n            \n                        <h3 class=\"uk-h4 uk-margin-top-remove\">\n\n                                    Entrega\/Recepci\u00f3n                \n                \n            <\/h3>\n            \n            \n            \n                        <div class=\"uk-margin\"><table class=\"uk-table uk-table-striped uk-table-condensed uk-table-hover\">\n<tr class=\"naranja\">\n    <td>Cobro m\u00ednimo (hasta 10 toneladas)<\/td>\n    <td><strong>$1,111.23<\/strong> <\/td>\n<\/tr>\n<tr class=\"naranja\">\n    <td>Tonelada o fracci\u00f3n (Mayor a las 10 toneladas)<\/td>\n    <td><strong>$152.57<\/strong><\/td>\n<\/tr>\n<\/table><\/div>\n            \n            \n            \n            \n        <\/div>\n    <\/div>\n\n\n    <div>\n        <div class=\"uk-panel uk-panel-box uk-invisible\">\n\n            \n            \n            \n            \n                        <h3 class=\"uk-h4 uk-margin-top-remove\">\n\n                                    Almacenaje por d\u00eda o fracci\u00f3n                \n                \n            <\/h3>\n            \n            \n            \n                        <div class=\"uk-margin\"><table class=\"uk-table uk-table-striped uk-table-condensed uk-table-hover\">\n<tr><strong>CARGA SUELTA<\/strong><\/tr>\n    <tr class=\"naranja\">\n    <td>Carga suelta cobro m\u00ednimo.<\/td>\n    <td><strong>$1,111.23<\/strong> <\/td>\n<\/tr>\n<tr class=\"naranja\">\n    <td>Carga suelta cada 500 Kgs o fracci\u00f3n hasta el d\u00eda 20.<\/td>\n    <td><strong>$111.48<\/strong><\/td>\n<\/tr>\n<tr class=\"naranja\">\n    <td>Carga suelta cada 500 Kgs o fracci\u00f3n del d\u00eda 21 en adelante<\/td>\n    <td><strong>$208.33<\/strong><\/td>\n<\/tr>\n<\/table>\n<table class=\"uk-table uk-table-striped uk-table-condensed uk-table-hover\">\n<tr><strong>CONTENEDOR<\/strong><\/tr>\n<tr class=\"naranja\">\n    <td>De 20&#8242;<\/td>\n    <td><strong>$1,613.85<\/strong><\/td>\n<\/tr>\n<tr class=\"naranja\">\n    <td>De 40&#8242;<\/td>\n    <td><strong>$2,007.03<\/strong><\/td>\n<\/tr>\n<\/table><\/div>\n            \n            \n            \n            \n        <\/div>\n    <\/div>\n\n\n    <div>\n        <div class=\"uk-panel uk-panel-box uk-invisible\">\n\n            \n            \n            \n            \n                        <h3 class=\"uk-h4 uk-margin-top-remove\">\n\n                                    Guarda y conservaci\u00f3n <br \/>(transcurridos los d\u00edas libres)                \n                \n            <\/h3>\n            \n            \n            \n                        <div class=\"uk-margin\"><table class=\"uk-table uk-table-striped uk-table-condensed uk-table-hover\">\n    <tbody>\n<tr class=\"naranja\">\n    <td>Contenedor<\/td>\n    <td><strong>$1,838.31<\/strong><\/td>\n<\/tr>\n<tr class=\"naranja\">\n    <td>Carga suelta por partida<\/td>\n    <td><strong>$343.31<\/strong><\/td>\n<\/tr>\n<\/tbody>\n<\/table><\/div>\n            \n            \n            \n            \n        <\/div>\n    <\/div>\n\n\n<\/div>\n\n<script>\n(function($){\n\n    \/\/ get the images of the gallery and replace it by a canvas of the same size to fix the problem with overlapping images on load.\n    $('img[width][height]:not(.uk-overlay-panel)', $('#wk-grid516')).each(function() {\n\n        var $img = $(this);\n\n        if (this.width == 'auto' || this.height == 'auto' || !$img.is(':visible')) {\n            return;\n        }\n\n        var $canvas = $('<canvas class=\"uk-responsive-width\"><\/canvas>').attr({width:$img.attr('width'), height:$img.attr('height')}),\n            img = new Image,\n            release = function() {\n                $canvas.remove();\n                $img.css('display', '');\n                release = function(){};\n            };\n\n        $img.css('display', 'none').after($canvas);\n\n        $(img).on('load', function(){ release(); });\n        setTimeout(function(){ release(); }, 1000);\n\n        img.src = this.src;\n\n    });\n\n})(jQuery);\n<\/script>\n\r\n\r\n\r\n<hr class=\"uk-article-divider uk-margin-large\">\r\n\r\n<!--\r\n<div class=\"uk-margin-large uk-text-center\">\r\n    <h2 class=\"uk-h1 uk-margin-bottom-remove\">How to use<\/h2>\r\n    <p class=\"uk-text-large uk-margin-small-top\">Use a shortcode to display your widget anywhere on your website<\/p>\r\n<\/div>\r\n\r\n[widgetkit id=\"4\" name=\"Widgetkit 2 Tutorial\"]\r\n\r\n<hr class=\"uk-article-divider uk-margin-large\">\r\n\r\n<div class=\"uk-margin-large uk-text-center\">\r\n    <h2 class=\"uk-h1 uk-margin-bottom-remove\">Features<\/h2>\r\n    <p class=\"uk-text-large uk-margin-small-top\">All widgets make use of modern web technologies<\/p>\r\n<\/div>\r\n-->\r\n<h3>Notas:<\/h3>\r\n\n\n<div id=\"wk-grid776\" class=\"uk-grid-width-1-1 uk-grid-width-medium-1-3 uk-grid-width-large-1-3 uk-grid-width-xlarge-1-3 uk-grid uk-grid-match uk-text-left \" data-uk-grid-match=\"{target:'> div > .uk-panel', row:true}\" data-uk-grid-margin >\n\n\n    <div>\n        <div class=\"uk-panel\">\n\n            \n            \n            \n            \n            \n            \n            \n                        <div class=\"uk-margin\"><ul class=\"uk-list uk-list-space\">\n        <li><i class=\"uk-icon uk-icon-check\"><\/i>Las tarifas mencionadas anteriormente se encuentran expresadas en pesos mexicanos y son m\u00e1s IVA.(A excepci\u00f3n de las maniobras de exportaci\u00f3n que no trasladan IVA).<\/li>\n<li><i class=\"uk-icon uk-icon-check\"><\/i>El cobro m\u00ednimo de almacenaje aplicar\u00e1 en el caso de que el resultado al c\u00e1lculo de almacenaje sea menor a $1,111.23.\n<\/li>\n    <li><i class=\"uk-icon uk-icon-check\"><\/i> En todos los casos, una vez transcurrido el plazo del almacenamiento libre otorgado conforme a lo que se establece en la LA (importaci\u00f3n 7 dias \/ exportaci\u00f3n 15), se deber\u00e1 cubrir el cargo por concepto de guarda y conservaci\u00f3n.\n    <\/li>\n    <li><i class=\"uk-icon uk-icon-check\"><\/i>Tarifas sujetas a cambio y vigentes desde el 16 de Marzo de 2026.<\/li>\n    <li><i class=\"uk-icon uk-icon-check\"><\/i>Todos los paquetes incluyen personal y equipo para realizar el servicio.<\/li>\n<\/ul><\/div>\n            \n            \n            \n            \n        <\/div>\n    <\/div>\n\n\n    <div>\n        <div class=\"uk-panel\">\n\n            \n            \n            \n            \n            \n            \n            \n                        <div class=\"uk-margin\"><ul class=\"uk-list uk-list-space\">\n    <li><i class=\"uk-icon uk-icon-check\"><\/i>Los paquetes de servicios contemplan su realizaci\u00f3n en un turno operativo. En caso de que el servicio se extienda m\u00e1s del turno por razones no imputables a RICSA, se aplicar\u00e1 un cargo deacuerdo al punto 5 de las reglas de aplicaci\u00f3n (Cobro m\u00ednimo 8 horas)<\/li>\n    <li><i class=\"uk-icon uk-icon-check\"><\/i>En el paquete 1) no se considera el nombramiento de personal, por lo que en caso de requerirlo tendr\u00eda que anticiparlo en su programaci\u00f3n y con cargo como personal adicional.<\/li>\n    <li><i class=\"uk-icon uk-icon-check\"><\/i>El paquete 4) no incluye la entrega de mercanc\u00eda a S.P.F. por lo que se deber\u00e1 contemplar como maniobra y cargo adicional.<\/li>\n    <li><i class=\"uk-icon uk-icon-check\"><\/i>La maniobra de entrega de contenedor vac\u00edo a S.P.F se considera dentro de los paquetes 4) al 6),siempre y cuando el servicio de traslado del contenedor vac\u00edo a patio sea efectuado por RICSA.<\/li>\n    <li><i class=\"uk-icon uk-icon-check\"><\/i>Para contenedores \/ carga general clasificados como mercanc\u00eda IMO y sobredimensionados, las tarifas tendr\u00e1n un recargo del 100%.\n    <\/li>\n<\/ul><\/div>\n            \n            \n            \n            \n        <\/div>\n    <\/div>\n\n\n    <div>\n        <div class=\"uk-panel\">\n\n            \n            \n            \n            \n            \n            \n            \n                        <div class=\"uk-margin\"><ul class=\"uk-list uk-list-space\">\n    <li><i class=\"uk-icon uk-icon-check\"><\/i>Las cancelaciones o reprogramaciones de servicios no imputables a RICSA tendr\u00e1n un cargo por Maniobra en Falso, por lo que se deber\u00e1 programar un nuevo folio para la consideraci\u00f3n de su servicio. Para evitar este cobro, las reprogramaciones o cancelaciones de servicios deber\u00e1n ser solicitadas con un 1 d\u00eda de anticipaci\u00f3n a la fecha programada dentro de nuestros horarios deatenci\u00f3n.<\/li>\n    <li><i class=\"uk-icon uk-icon-check\"><\/i>Para traslados de contenedores de exportaci\u00f3n a CICE, consulte a nuestra \u00e1rea comercial comercializacion@ricsa.mx <\/li>\n    <li><i class=\"uk-icon uk-icon-check\"><\/i>Todos los servicios y conceptos no expresados en este documento estar\u00e1n sujetos a la tarifa oficial vigente y sus reglas de aplicaci\u00f3n, mismas que puede consultar en www.ricsa.mx <\/li>\n    <li><i class=\"uk-icon uk-icon-check\"><\/i>Horario de atenci\u00f3n administrativa y programaci\u00f3n de servicios es de lunes a viernes de 08:00 hrs  a 18:00hrs y los d\u00edas s\u00e1bado de 08:00 hrs a 12:00 hrs. <\/li>  \n<\/ul><\/div>\n            \n            \n            \n            \n        <\/div>\n    <\/div>\n\n\n<\/div>\n\n<script>\n(function($){\n\n    \/\/ get the images of the gallery and replace it by a canvas of the same size to fix the problem with overlapping images on load.\n    $('img[width][height]:not(.uk-overlay-panel)', $('#wk-grid776')).each(function() {\n\n        var $img = $(this);\n\n        if (this.width == 'auto' || this.height == 'auto' || !$img.is(':visible')) {\n            return;\n        }\n\n        var $canvas = $('<canvas class=\"uk-responsive-width\"><\/canvas>').attr({width:$img.attr('width'), height:$img.attr('height')}),\n            img = new Image,\n            release = function() {\n                $canvas.remove();\n                $img.css('display', '');\n                release = function(){};\n            };\n\n        $img.css('display', 'none').after($canvas);\n\n        $(img).on('load', function(){ release(); });\n        setTimeout(function(){ release(); }, 1000);\n\n        img.src = this.src;\n\n    });\n\n})(jQuery);\n<\/script>\n","protected":false},"excerpt":{"rendered":"<p>Paquetes de Importaci\u00f3n subtitle Paquetes de Exportaci\u00f3n subtitle Servicios Diversos subtitle Notas:<\/p>\n","protected":false},"author":1,"featured_media":0,"parent":0,"menu_order":7,"comment_status":"closed","ping_status":"closed","template":"","meta":[],"_links":{"self":[{"href":"https:\/\/ricsa.mx\/index.php?rest_route=\/wp\/v2\/pages\/39"}],"collection":[{"href":"https:\/\/ricsa.mx\/index.php?rest_route=\/wp\/v2\/pages"}],"about":[{"href":"https:\/\/ricsa.mx\/index.php?rest_route=\/wp\/v2\/types\/page"}],"author":[{"embeddable":true,"href":"https:\/\/ricsa.mx\/index.php?rest_route=\/wp\/v2\/users\/1"}],"replies":[{"embeddable":true,"href":"https:\/\/ricsa.mx\/index.php?rest_route=%2Fwp%2Fv2%2Fcomments&post=39"}],"version-history":[{"count":19,"href":"https:\/\/ricsa.mx\/index.php?rest_route=\/wp\/v2\/pages\/39\/revisions"}],"predecessor-version":[{"id":2520,"href":"https:\/\/ricsa.mx\/index.php?rest_route=\/wp\/v2\/pages\/39\/revisions\/2520"}],"wp:attachment":[{"href":"https:\/\/ricsa.mx\/index.php?rest_route=%2Fwp%2Fv2%2Fmedia&parent=39"}],"curies":[{"name":"wp","href":"https:\/\/api.w.org\/{rel}","templated":true}]}}